{"id":8394,"date":"2020-05-07T06:40:48","date_gmt":"2020-05-07T06:40:48","guid":{"rendered":"https:\/\/www.gavias-theme.com\/wp\/indutri\/?page_id=8394"},"modified":"2025-05-10T14:36:02","modified_gmt":"2025-05-10T11:36:02","slug":"sarj-unitleri","status":"publish","type":"page","link":"https:\/\/bidunyadekor.com\/index.php\/sarj-unitleri\/","title":{"rendered":"\u015earj \u00dcnitleri"},"content":{"rendered":"\t\t<div data-elementor-type=\"wp-page\" data-elementor-id=\"8394\" class=\"elementor elementor-8394\">\n\t\t\t\t\t\t<section class=\"elementor-section elementor-top-section elementor-element elementor-element-bf50e4a elementor-section-boxed elementor-section-height-default elementor-section-height-default\" data-id=\"bf50e4a\" data-element_type=\"section\">\n\t\t\t\t\t\t<div class=\"elementor-container elementor-column-gap-default\">\n\t\t\t\t\t<div class=\"elementor-column elementor-col-100 elementor-top-column elementor-element elementor-element-a2d7d0e top column-style-top\" data-id=\"a2d7d0e\" data-element_type=\"column\">\n\t\t\t<div class=\"elementor-widget-wrap elementor-element-populated\">\n\t\t\t\t\t\t<div class=\"elementor-element elementor-element-27752d4 elementor-widget elementor-widget-gva-heading-block\" data-id=\"27752d4\" data-element_type=\"widget\" data-widget_type=\"gva-heading-block.default\">\n\t\t\t\t<div class=\"elementor-widget-container\">\n\t\t\t\t\t<div class=\"gva-element-gva-heading-block gva-element\">   <div class=\"align-center style-1 widget gsc-heading box-align-left\">\r\n      <div class=\"content-inner\">\r\n         \r\n                  \r\n           \r\n         \r\n                     <h2 class=\"title\">\r\n               <span>\u015earj  \u00dcniteleri<\/span>\r\n            <\/h2>\r\n                  \r\n         \r\n      <\/div>\r\n   <\/div>\r\n   <div class=\"clearfix\"><\/div>\r\n<\/div>\t\t\t\t<\/div>\n\t\t\t\t<\/div>\n\t\t\t\t<div class=\"elementor-element elementor-element-232d9c7 elementor-widget elementor-widget-gva-services\" data-id=\"232d9c7\" data-element_type=\"widget\" data-widget_type=\"gva-services.default\">\n\t\t\t\t<div class=\"elementor-widget-container\">\n\t\t\t\t\t<div class=\"gva-element-gva-services gva-element\">  \r\n  <div class=\"gva-services-grid clearfix gva-services\">\r\n      <div class=\"gva-content-items\"> \r\n        <div class=\"lg-block-grid-3 md-block-grid-3 sm-block-grid-2 xs-block-grid-1 xx-block-grid-1\">\r\n          <div class=\"item-columns\"><div class=\"item\">\n   <div class=\"service-item-v2\">     \n      \n      <div class=\"service-image\">\n         <img fetchpriority=\"high\" decoding=\"async\" width=\"600\" height=\"600\" src=\"https:\/\/bidunyadekor.com\/wp-content\/uploads\/2025\/05\/dc-sarj-cihazlari-600x600.jpg\" class=\"attachment-medium size-medium wp-post-image\" alt=\"\" srcset=\"https:\/\/bidunyadekor.com\/wp-content\/uploads\/2025\/05\/dc-sarj-cihazlari-600x600.jpg 600w, https:\/\/bidunyadekor.com\/wp-content\/uploads\/2025\/05\/dc-sarj-cihazlari-180x180.jpg 180w, https:\/\/bidunyadekor.com\/wp-content\/uploads\/2025\/05\/dc-sarj-cihazlari-24x24.jpg 24w, https:\/\/bidunyadekor.com\/wp-content\/uploads\/2025\/05\/dc-sarj-cihazlari-48x48.jpg 48w, https:\/\/bidunyadekor.com\/wp-content\/uploads\/2025\/05\/dc-sarj-cihazlari-96x96.jpg 96w, https:\/\/bidunyadekor.com\/wp-content\/uploads\/2025\/05\/dc-sarj-cihazlari-150x150.jpg 150w, https:\/\/bidunyadekor.com\/wp-content\/uploads\/2025\/05\/dc-sarj-cihazlari-300x300.jpg 300w\" sizes=\"(max-width: 600px) 100vw, 600px\" \/>               <\/div>   \n\n      <div class=\"service-content\">\n         <div class=\"content-inner\">\n            <h3 class=\"title\">\n               <a href=\"https:\/\/bidunyadekor.com\/index.php\/service\/dc-tip-4-sarj-cihazlari\/\">DC Tip 4 \u015earj Cihazlar\u0131<\/a>\n            <\/h3>\n            <div class=\"desc\">DC T\u0130P-4 \u015eARJ C\u0130HAZLARI G\u00dc\u00c7 \u00c7IKI\u015e T\u0130P\u0130 180 kW Tek \/ \u00c7ift Soketli 200 kW<\/div> \n            <div class=\"readmore\">\n               <a class=\"btn-inline\" href=\"https:\/\/bidunyadekor.com\/index.php\/service\/dc-tip-4-sarj-cihazlari\/\"><span>Devam\u0131<\/span><\/a>\n            <\/div>\n         <\/div>    \n      <\/div>\n   <\/div>\n<\/div><\/div><div class=\"item-columns\"><div class=\"item\">\n   <div class=\"service-item-v2\">     \n      \n      <div class=\"service-image\">\n         <img fetchpriority=\"high\" decoding=\"async\" width=\"600\" height=\"600\" src=\"https:\/\/bidunyadekor.com\/wp-content\/uploads\/2025\/05\/dc-sarj-cihazlari-600x600.jpg\" class=\"attachment-medium size-medium wp-post-image\" alt=\"\" srcset=\"https:\/\/bidunyadekor.com\/wp-content\/uploads\/2025\/05\/dc-sarj-cihazlari-600x600.jpg 600w, https:\/\/bidunyadekor.com\/wp-content\/uploads\/2025\/05\/dc-sarj-cihazlari-180x180.jpg 180w, https:\/\/bidunyadekor.com\/wp-content\/uploads\/2025\/05\/dc-sarj-cihazlari-24x24.jpg 24w, https:\/\/bidunyadekor.com\/wp-content\/uploads\/2025\/05\/dc-sarj-cihazlari-48x48.jpg 48w, https:\/\/bidunyadekor.com\/wp-content\/uploads\/2025\/05\/dc-sarj-cihazlari-96x96.jpg 96w, https:\/\/bidunyadekor.com\/wp-content\/uploads\/2025\/05\/dc-sarj-cihazlari-150x150.jpg 150w, https:\/\/bidunyadekor.com\/wp-content\/uploads\/2025\/05\/dc-sarj-cihazlari-300x300.jpg 300w\" sizes=\"(max-width: 600px) 100vw, 600px\" \/>               <\/div>   \n\n      <div class=\"service-content\">\n         <div class=\"content-inner\">\n            <h3 class=\"title\">\n               <a href=\"https:\/\/bidunyadekor.com\/index.php\/service\/dc-tip-3-sarj-cihazlari\/\">DC Tip 3 \u015earj Cihazlar\u0131<\/a>\n            <\/h3>\n            <div class=\"desc\">DC T\u0130P-3 \u015eARJ C\u0130HAZLARI G\u00dc\u00c7 \u00c7IKI\u015e T\u0130P\u0130 180 kW Tek \/ \u00c7ift Soketli 200 kW<\/div> \n            <div class=\"readmore\">\n               <a class=\"btn-inline\" href=\"https:\/\/bidunyadekor.com\/index.php\/service\/dc-tip-3-sarj-cihazlari\/\"><span>Devam\u0131<\/span><\/a>\n            <\/div>\n         <\/div>    \n      <\/div>\n   <\/div>\n<\/div><\/div><div class=\"item-columns\"><div class=\"item\">\n   <div class=\"service-item-v2\">     \n      \n      <div class=\"service-image\">\n         <img fetchpriority=\"high\" decoding=\"async\" width=\"600\" height=\"600\" src=\"https:\/\/bidunyadekor.com\/wp-content\/uploads\/2025\/05\/dc-sarj-cihazlari-600x600.jpg\" class=\"attachment-medium size-medium wp-post-image\" alt=\"\" srcset=\"https:\/\/bidunyadekor.com\/wp-content\/uploads\/2025\/05\/dc-sarj-cihazlari-600x600.jpg 600w, https:\/\/bidunyadekor.com\/wp-content\/uploads\/2025\/05\/dc-sarj-cihazlari-180x180.jpg 180w, https:\/\/bidunyadekor.com\/wp-content\/uploads\/2025\/05\/dc-sarj-cihazlari-24x24.jpg 24w, https:\/\/bidunyadekor.com\/wp-content\/uploads\/2025\/05\/dc-sarj-cihazlari-48x48.jpg 48w, https:\/\/bidunyadekor.com\/wp-content\/uploads\/2025\/05\/dc-sarj-cihazlari-96x96.jpg 96w, https:\/\/bidunyadekor.com\/wp-content\/uploads\/2025\/05\/dc-sarj-cihazlari-150x150.jpg 150w, https:\/\/bidunyadekor.com\/wp-content\/uploads\/2025\/05\/dc-sarj-cihazlari-300x300.jpg 300w\" sizes=\"(max-width: 600px) 100vw, 600px\" \/>               <\/div>   \n\n      <div class=\"service-content\">\n         <div class=\"content-inner\">\n            <h3 class=\"title\">\n               <a href=\"https:\/\/bidunyadekor.com\/index.php\/service\/dc-tip-1b-sarj-cihazlari\/\">DC Tip 1B \u015earj Cihazlar\u0131<\/a>\n            <\/h3>\n            <div class=\"desc\">DC T\u0130P-1B \u015eARJ C\u0130HAZLARI G\u00dc\u00c7 \u00c7IKI\u015e T\u0130P\u0130 30 kW Tek Soketli 40 kW Tek Soketli<\/div> \n            <div class=\"readmore\">\n               <a class=\"btn-inline\" href=\"https:\/\/bidunyadekor.com\/index.php\/service\/dc-tip-1b-sarj-cihazlari\/\"><span>Devam\u0131<\/span><\/a>\n            <\/div>\n         <\/div>    \n      <\/div>\n   <\/div>\n<\/div><\/div><div class=\"item-columns\"><div class=\"item\">\n   <div class=\"service-item-v2\">     \n      \n      <div class=\"service-image\">\n         <img fetchpriority=\"high\" decoding=\"async\" width=\"600\" height=\"600\" src=\"https:\/\/bidunyadekor.com\/wp-content\/uploads\/2025\/05\/dc-sarj-cihazlari-600x600.jpg\" class=\"attachment-medium size-medium wp-post-image\" alt=\"\" srcset=\"https:\/\/bidunyadekor.com\/wp-content\/uploads\/2025\/05\/dc-sarj-cihazlari-600x600.jpg 600w, https:\/\/bidunyadekor.com\/wp-content\/uploads\/2025\/05\/dc-sarj-cihazlari-180x180.jpg 180w, https:\/\/bidunyadekor.com\/wp-content\/uploads\/2025\/05\/dc-sarj-cihazlari-24x24.jpg 24w, https:\/\/bidunyadekor.com\/wp-content\/uploads\/2025\/05\/dc-sarj-cihazlari-48x48.jpg 48w, https:\/\/bidunyadekor.com\/wp-content\/uploads\/2025\/05\/dc-sarj-cihazlari-96x96.jpg 96w, https:\/\/bidunyadekor.com\/wp-content\/uploads\/2025\/05\/dc-sarj-cihazlari-150x150.jpg 150w, https:\/\/bidunyadekor.com\/wp-content\/uploads\/2025\/05\/dc-sarj-cihazlari-300x300.jpg 300w\" sizes=\"(max-width: 600px) 100vw, 600px\" \/>               <\/div>   \n\n      <div class=\"service-content\">\n         <div class=\"content-inner\">\n            <h3 class=\"title\">\n               <a href=\"https:\/\/bidunyadekor.com\/index.php\/service\/dc-tip-1a-sarj-cihazlari\/\">DC Tip 1A \u015earj Cihazlar\u0131<\/a>\n            <\/h3>\n            <div class=\"desc\">DC T\u0130P-1A \u015eARJ C\u0130HAZLARI G\u00dc\u00c7 \u00c7IKI\u015e T\u0130P\u0130 30 kW Tek Soketli 40 kW Tek Soketli<\/div> \n            <div class=\"readmore\">\n               <a class=\"btn-inline\" href=\"https:\/\/bidunyadekor.com\/index.php\/service\/dc-tip-1a-sarj-cihazlari\/\"><span>Devam\u0131<\/span><\/a>\n            <\/div>\n         <\/div>    \n      <\/div>\n   <\/div>\n<\/div><\/div><div class=\"item-columns\"><div class=\"item\">\n   <div class=\"service-item-v2\">     \n      \n      <div class=\"service-image\">\n         <img decoding=\"async\" width=\"600\" height=\"600\" src=\"https:\/\/bidunyadekor.com\/wp-content\/uploads\/2025\/05\/ac-sarj-cihazlari-600x600.jpg\" class=\"attachment-medium size-medium wp-post-image\" alt=\"\" srcset=\"https:\/\/bidunyadekor.com\/wp-content\/uploads\/2025\/05\/ac-sarj-cihazlari-600x600.jpg 600w, https:\/\/bidunyadekor.com\/wp-content\/uploads\/2025\/05\/ac-sarj-cihazlari-180x180.jpg 180w, https:\/\/bidunyadekor.com\/wp-content\/uploads\/2025\/05\/ac-sarj-cihazlari-24x24.jpg 24w, https:\/\/bidunyadekor.com\/wp-content\/uploads\/2025\/05\/ac-sarj-cihazlari-48x48.jpg 48w, https:\/\/bidunyadekor.com\/wp-content\/uploads\/2025\/05\/ac-sarj-cihazlari-96x96.jpg 96w, https:\/\/bidunyadekor.com\/wp-content\/uploads\/2025\/05\/ac-sarj-cihazlari-150x150.jpg 150w, https:\/\/bidunyadekor.com\/wp-content\/uploads\/2025\/05\/ac-sarj-cihazlari-300x300.jpg 300w\" sizes=\"(max-width: 600px) 100vw, 600px\" \/>               <\/div>   \n\n      <div class=\"service-content\">\n         <div class=\"content-inner\">\n            <h3 class=\"title\">\n               <a href=\"https:\/\/bidunyadekor.com\/index.php\/service\/ac-pedestal\/\">AC Pedestal<\/a>\n            <\/h3>\n            <div class=\"desc\"><\/div> \n            <div class=\"readmore\">\n               <a class=\"btn-inline\" href=\"https:\/\/bidunyadekor.com\/index.php\/service\/ac-pedestal\/\"><span>Devam\u0131<\/span><\/a>\n            <\/div>\n         <\/div>    \n      <\/div>\n   <\/div>\n<\/div><\/div><div class=\"item-columns\"><div class=\"item\">\n   <div class=\"service-item-v2\">     \n      \n      <div class=\"service-image\">\n         <img decoding=\"async\" width=\"600\" height=\"600\" src=\"https:\/\/bidunyadekor.com\/wp-content\/uploads\/2025\/05\/ac-sarj-cihazlari-600x600.jpg\" class=\"attachment-medium size-medium wp-post-image\" alt=\"\" srcset=\"https:\/\/bidunyadekor.com\/wp-content\/uploads\/2025\/05\/ac-sarj-cihazlari-600x600.jpg 600w, https:\/\/bidunyadekor.com\/wp-content\/uploads\/2025\/05\/ac-sarj-cihazlari-180x180.jpg 180w, https:\/\/bidunyadekor.com\/wp-content\/uploads\/2025\/05\/ac-sarj-cihazlari-24x24.jpg 24w, https:\/\/bidunyadekor.com\/wp-content\/uploads\/2025\/05\/ac-sarj-cihazlari-48x48.jpg 48w, https:\/\/bidunyadekor.com\/wp-content\/uploads\/2025\/05\/ac-sarj-cihazlari-96x96.jpg 96w, https:\/\/bidunyadekor.com\/wp-content\/uploads\/2025\/05\/ac-sarj-cihazlari-150x150.jpg 150w, https:\/\/bidunyadekor.com\/wp-content\/uploads\/2025\/05\/ac-sarj-cihazlari-300x300.jpg 300w\" sizes=\"(max-width: 600px) 100vw, 600px\" \/>               <\/div>   \n\n      <div class=\"service-content\">\n         <div class=\"content-inner\">\n            <h3 class=\"title\">\n               <a href=\"https:\/\/bidunyadekor.com\/index.php\/service\/ac-tip-4-totem-sarj-cihazlari\/\">AC Tip 4 Totem \u015earj Cihazlar\u0131<\/a>\n            <\/h3>\n            <div class=\"desc\">AC T\u0130P-4 TOTEM \u015eARJ C\u0130HAZLARI G\u00dc\u00c7 \u00c7IKI\u015e T\u0130P\u0130 3&#215;3 kW 3 Scooter \u00c7\u0131k\u0131\u015f\u0131 3,7 kW-22<\/div> \n            <div class=\"readmore\">\n               <a class=\"btn-inline\" href=\"https:\/\/bidunyadekor.com\/index.php\/service\/ac-tip-4-totem-sarj-cihazlari\/\"><span>Devam\u0131<\/span><\/a>\n            <\/div>\n         <\/div>    \n      <\/div>\n   <\/div>\n<\/div><\/div><div class=\"item-columns\"><div class=\"item\">\n   <div class=\"service-item-v2\">     \n      \n      <div class=\"service-image\">\n         <img decoding=\"async\" width=\"600\" height=\"600\" src=\"https:\/\/bidunyadekor.com\/wp-content\/uploads\/2025\/05\/ac-sarj-cihazlari-600x600.jpg\" class=\"attachment-medium size-medium wp-post-image\" alt=\"\" srcset=\"https:\/\/bidunyadekor.com\/wp-content\/uploads\/2025\/05\/ac-sarj-cihazlari-600x600.jpg 600w, https:\/\/bidunyadekor.com\/wp-content\/uploads\/2025\/05\/ac-sarj-cihazlari-180x180.jpg 180w, https:\/\/bidunyadekor.com\/wp-content\/uploads\/2025\/05\/ac-sarj-cihazlari-24x24.jpg 24w, https:\/\/bidunyadekor.com\/wp-content\/uploads\/2025\/05\/ac-sarj-cihazlari-48x48.jpg 48w, https:\/\/bidunyadekor.com\/wp-content\/uploads\/2025\/05\/ac-sarj-cihazlari-96x96.jpg 96w, https:\/\/bidunyadekor.com\/wp-content\/uploads\/2025\/05\/ac-sarj-cihazlari-150x150.jpg 150w, https:\/\/bidunyadekor.com\/wp-content\/uploads\/2025\/05\/ac-sarj-cihazlari-300x300.jpg 300w\" sizes=\"(max-width: 600px) 100vw, 600px\" \/>               <\/div>   \n\n      <div class=\"service-content\">\n         <div class=\"content-inner\">\n            <h3 class=\"title\">\n               <a href=\"https:\/\/bidunyadekor.com\/index.php\/service\/ac-tip-2-cift-cikisli-sarj-cihazlari\/\">AC Tip 2 \u00c7ift \u00c7\u0131k\u0131\u015fl\u0131 \u015earj Cihazlar\u0131<\/a>\n            <\/h3>\n            <div class=\"desc\">AC T\u0130P &#8211; 2 \u00c7\u0130FT \u00c7IKI\u015eLI \u015eARJ C\u0130HAZLARI &nbsp; T\u0130P G\u00dc\u00c7 A\u00c7IKLAMA T\u0130P-2A 2&#215;3,7 kW<\/div> \n            <div class=\"readmore\">\n               <a class=\"btn-inline\" href=\"https:\/\/bidunyadekor.com\/index.php\/service\/ac-tip-2-cift-cikisli-sarj-cihazlari\/\"><span>Devam\u0131<\/span><\/a>\n            <\/div>\n         <\/div>    \n      <\/div>\n   <\/div>\n<\/div><\/div><div class=\"item-columns\"><div class=\"item\">\n   <div class=\"service-item-v2\">     \n      \n      <div class=\"service-image\">\n         <img decoding=\"async\" width=\"600\" height=\"600\" src=\"https:\/\/bidunyadekor.com\/wp-content\/uploads\/2025\/05\/ac-sarj-cihazlari-600x600.jpg\" class=\"attachment-medium size-medium wp-post-image\" alt=\"\" srcset=\"https:\/\/bidunyadekor.com\/wp-content\/uploads\/2025\/05\/ac-sarj-cihazlari-600x600.jpg 600w, https:\/\/bidunyadekor.com\/wp-content\/uploads\/2025\/05\/ac-sarj-cihazlari-180x180.jpg 180w, https:\/\/bidunyadekor.com\/wp-content\/uploads\/2025\/05\/ac-sarj-cihazlari-24x24.jpg 24w, https:\/\/bidunyadekor.com\/wp-content\/uploads\/2025\/05\/ac-sarj-cihazlari-48x48.jpg 48w, https:\/\/bidunyadekor.com\/wp-content\/uploads\/2025\/05\/ac-sarj-cihazlari-96x96.jpg 96w, https:\/\/bidunyadekor.com\/wp-content\/uploads\/2025\/05\/ac-sarj-cihazlari-150x150.jpg 150w, https:\/\/bidunyadekor.com\/wp-content\/uploads\/2025\/05\/ac-sarj-cihazlari-300x300.jpg 300w\" sizes=\"(max-width: 600px) 100vw, 600px\" \/>               <\/div>   \n\n      <div class=\"service-content\">\n         <div class=\"content-inner\">\n            <h3 class=\"title\">\n               <a href=\"https:\/\/bidunyadekor.com\/index.php\/service\/ac-tip-3-uc-cikisli-sarj-cihazlari\/\">AC Tip 3 \u00dc\u00e7 \u00c7\u0131k\u0131\u015fl\u0131 \u015earj Cihazlar\u0131<\/a>\n            <\/h3>\n            <div class=\"desc\">AC T\u0130P &#8211; 3 \u00dc\u00c7 \u00c7IKI\u015eLI \u015eARJ C\u0130HAZLARI T\u0130P G\u00dc\u00c7 \u00d6ZELL\u0130KLER T\u0130P-3A 2 Scooter Beslemesi<\/div> \n            <div class=\"readmore\">\n               <a class=\"btn-inline\" href=\"https:\/\/bidunyadekor.com\/index.php\/service\/ac-tip-3-uc-cikisli-sarj-cihazlari\/\"><span>Devam\u0131<\/span><\/a>\n            <\/div>\n         <\/div>    \n      <\/div>\n   <\/div>\n<\/div><\/div><div class=\"item-columns\"><div class=\"item\">\n   <div class=\"service-item-v2\">     \n      \n      <div class=\"service-image\">\n         <img decoding=\"async\" width=\"600\" height=\"600\" src=\"https:\/\/bidunyadekor.com\/wp-content\/uploads\/2025\/05\/ac-sarj-cihazlari-600x600.jpg\" class=\"attachment-medium size-medium wp-post-image\" alt=\"\" srcset=\"https:\/\/bidunyadekor.com\/wp-content\/uploads\/2025\/05\/ac-sarj-cihazlari-600x600.jpg 600w, https:\/\/bidunyadekor.com\/wp-content\/uploads\/2025\/05\/ac-sarj-cihazlari-180x180.jpg 180w, https:\/\/bidunyadekor.com\/wp-content\/uploads\/2025\/05\/ac-sarj-cihazlari-24x24.jpg 24w, https:\/\/bidunyadekor.com\/wp-content\/uploads\/2025\/05\/ac-sarj-cihazlari-48x48.jpg 48w, https:\/\/bidunyadekor.com\/wp-content\/uploads\/2025\/05\/ac-sarj-cihazlari-96x96.jpg 96w, https:\/\/bidunyadekor.com\/wp-content\/uploads\/2025\/05\/ac-sarj-cihazlari-150x150.jpg 150w, https:\/\/bidunyadekor.com\/wp-content\/uploads\/2025\/05\/ac-sarj-cihazlari-300x300.jpg 300w\" sizes=\"(max-width: 600px) 100vw, 600px\" \/>               <\/div>   \n\n      <div class=\"service-content\">\n         <div class=\"content-inner\">\n            <h3 class=\"title\">\n               <a href=\"https:\/\/bidunyadekor.com\/index.php\/service\/ac-tip-1-tek-cikisli-sarj-cihazlari\/\">AC Tip 1 Tek \u00c7\u0131k\u0131\u015fl\u0131 \u015earj Cihazlar\u0131<\/a>\n            <\/h3>\n            <div class=\"desc\">AC T\u0130P &#8211; 1 TEK \u00c7IKI\u015eLI \u015eARJ C\u0130HAZLARI T\u0130P G\u00dc\u00c7 A\u00c7IKLAMA T\u0130P-1A 3,3 kW Scooter<\/div> \n            <div class=\"readmore\">\n               <a class=\"btn-inline\" href=\"https:\/\/bidunyadekor.com\/index.php\/service\/ac-tip-1-tek-cikisli-sarj-cihazlari\/\"><span>Devam\u0131<\/span><\/a>\n            <\/div>\n         <\/div>    \n      <\/div>\n   <\/div>\n<\/div><\/div>        <\/div>\r\n      <\/div>\r\n                <div class=\"pagination\">\r\n                        <\/div>\r\n        <\/div>\r\n  <\/div>\t\t\t\t<\/div>\n\t\t\t\t<\/div>\n\t\t\t\t\t<\/div>\n\t\t<\/div>\n\t\t\t\t\t<\/div>\n\t\t<\/section>\n\t\t\t\t<\/div>\n\t\t","protected":false},"excerpt":{"rendered":"<p>\u015earj \u00dcniteleri DC Tip 4 \u015earj Cihazlar\u0131 DC T\u0130P-4 \u015eARJ C\u0130HAZLARI G\u00dc\u00c7 \u00c7IKI\u015e T\u0130P\u0130 180 kW Tek \/ \u00c7ift Soketli 200 kW Read More DC Tip 3 \u015earj Cihazlar\u0131 DC T\u0130P-3 \u015eARJ C\u0130HAZLARI G\u00dc\u00c7 \u00c7IKI\u015e T\u0130P\u0130 180 kW Tek \/ \u00c7ift Soketli 200 kW Read More DC Tip 1B \u015earj Cihazlar\u0131 DC T\u0130P-1B \u015eARJ C\u0130HAZLARI [&hellip;]<\/p>\n","protected":false},"author":1,"featured_media":0,"parent":0,"menu_order":0,"comment_status":"closed","ping_status":"closed","template":"","meta":{"footnotes":""},"class_list":["post-8394","page","type-page","status-publish","hentry"],"_links":{"self":[{"href":"https:\/\/bidunyadekor.com\/index.php\/wp-json\/wp\/v2\/pages\/8394","targetHints":{"allow":["GET"]}}],"collection":[{"href":"https:\/\/bidunyadekor.com\/index.php\/wp-json\/wp\/v2\/pages"}],"about":[{"href":"https:\/\/bidunyadekor.com\/index.php\/wp-json\/wp\/v2\/types\/page"}],"author":[{"embeddable":true,"href":"https:\/\/bidunyadekor.com\/index.php\/wp-json\/wp\/v2\/users\/1"}],"replies":[{"embeddable":true,"href":"https:\/\/bidunyadekor.com\/index.php\/wp-json\/wp\/v2\/comments?post=8394"}],"version-history":[{"count":7,"href":"https:\/\/bidunyadekor.com\/index.php\/wp-json\/wp\/v2\/pages\/8394\/revisions"}],"predecessor-version":[{"id":11131,"href":"https:\/\/bidunyadekor.com\/index.php\/wp-json\/wp\/v2\/pages\/8394\/revisions\/11131"}],"wp:attachment":[{"href":"https:\/\/bidunyadekor.com\/index.php\/wp-json\/wp\/v2\/media?parent=8394"}],"curies":[{"name":"wp","href":"https:\/\/api.w.org\/{rel}","templated":true}]}}