{"id":11108,"date":"2025-05-10T13:45:14","date_gmt":"2025-05-10T10:45:14","guid":{"rendered":"https:\/\/bidunyadekor.com\/?page_id=11108"},"modified":"2025-05-10T13:46:12","modified_gmt":"2025-05-10T10:46:12","slug":"enerji","status":"publish","type":"page","link":"https:\/\/bidunyadekor.com\/index.php\/enerji\/","title":{"rendered":"Enerji"},"content":{"rendered":"\t\t<div data-elementor-type=\"wp-page\" data-elementor-id=\"11108\" class=\"elementor elementor-11108\">\n\t\t\t\t\t\t<section class=\"elementor-section elementor-top-section elementor-element elementor-element-bf50e4a elementor-section-boxed elementor-section-height-default elementor-section-height-default\" data-id=\"bf50e4a\" data-element_type=\"section\">\n\t\t\t\t\t\t<div class=\"elementor-container elementor-column-gap-default\">\n\t\t\t\t\t<div class=\"elementor-column elementor-col-100 elementor-top-column elementor-element elementor-element-a2d7d0e top column-style-top\" data-id=\"a2d7d0e\" data-element_type=\"column\">\n\t\t\t<div class=\"elementor-widget-wrap elementor-element-populated\">\n\t\t\t\t\t\t<div class=\"elementor-element elementor-element-27752d4 elementor-widget elementor-widget-gva-heading-block\" data-id=\"27752d4\" data-element_type=\"widget\" data-widget_type=\"gva-heading-block.default\">\n\t\t\t\t<div class=\"elementor-widget-container\">\n\t\t\t\t\t<div class=\"gva-element-gva-heading-block gva-element\">   <div class=\"align-center style-1 widget gsc-heading box-align-left\">\r\n      <div class=\"content-inner\">\r\n         \r\n                  \r\n           \r\n         \r\n                     <h2 class=\"title\">\r\n               <span>Enerji \u00dcr\u00fcnleri<\/span>\r\n            <\/h2>\r\n                  \r\n         \r\n      <\/div>\r\n   <\/div>\r\n   <div class=\"clearfix\"><\/div>\r\n<\/div>\t\t\t\t<\/div>\n\t\t\t\t<\/div>\n\t\t\t\t<div class=\"elementor-element elementor-element-232d9c7 elementor-widget elementor-widget-gva-services\" data-id=\"232d9c7\" data-element_type=\"widget\" data-widget_type=\"gva-services.default\">\n\t\t\t\t<div class=\"elementor-widget-container\">\n\t\t\t\t\t<div class=\"gva-element-gva-services gva-element\">  \r\n  <div class=\"gva-services-grid clearfix gva-services\">\r\n      <div class=\"gva-content-items\"> \r\n        <div class=\"lg-block-grid-3 md-block-grid-3 sm-block-grid-2 xs-block-grid-1 xx-block-grid-1\">\r\n          <div class=\"item-columns\"><div class=\"item\">\n   <div class=\"service-item-v2\">     \n      \n      <div class=\"service-image\">\n         <img fetchpriority=\"high\" decoding=\"async\" width=\"600\" height=\"600\" src=\"https:\/\/bidunyadekor.com\/wp-content\/uploads\/2025\/05\/wm10-120-hc-600x600.jpg\" class=\"attachment-medium size-medium wp-post-image\" alt=\"\" srcset=\"https:\/\/bidunyadekor.com\/wp-content\/uploads\/2025\/05\/wm10-120-hc-600x600.jpg 600w, https:\/\/bidunyadekor.com\/wp-content\/uploads\/2025\/05\/wm10-120-hc-180x180.jpg 180w, https:\/\/bidunyadekor.com\/wp-content\/uploads\/2025\/05\/wm10-120-hc-24x24.jpg 24w, https:\/\/bidunyadekor.com\/wp-content\/uploads\/2025\/05\/wm10-120-hc-48x48.jpg 48w, https:\/\/bidunyadekor.com\/wp-content\/uploads\/2025\/05\/wm10-120-hc-96x96.jpg 96w, https:\/\/bidunyadekor.com\/wp-content\/uploads\/2025\/05\/wm10-120-hc-150x150.jpg 150w, https:\/\/bidunyadekor.com\/wp-content\/uploads\/2025\/05\/wm10-120-hc-300x300.jpg 300w\" sizes=\"(max-width: 600px) 100vw, 600px\" \/>               <\/div>   \n\n      <div class=\"service-content\">\n         <div class=\"content-inner\">\n            <h3 class=\"title\">\n               <a href=\"https:\/\/bidunyadekor.com\/index.php\/service\/dxm10-144-tn-gg-570-590w-smbb\/\">DXM10-144-TN-GG 570-590W SMBB<\/a>\n            <\/h3>\n            <div class=\"desc\">Y\u00fcksek verimli MBB g\u00fcne\u015f paneliyle g\u00fcvenli, s\u00fcrd\u00fcr\u00fclebilir ve estetik enerji \u00e7\u00f6z\u00fcmleri!<\/div> \n            <div class=\"readmore\">\n               <a class=\"btn-inline\" href=\"https:\/\/bidunyadekor.com\/index.php\/service\/dxm10-144-tn-gg-570-590w-smbb\/\"><span>Devam\u0131<\/span><\/a>\n            <\/div>\n         <\/div>    \n      <\/div>\n   <\/div>\n<\/div><\/div><div class=\"item-columns\"><div class=\"item\">\n   <div class=\"service-item-v2\">     \n      \n      <div class=\"service-image\">\n         <img fetchpriority=\"high\" decoding=\"async\" width=\"600\" height=\"600\" src=\"https:\/\/bidunyadekor.com\/wp-content\/uploads\/2025\/05\/wm10-120-hc-600x600.jpg\" class=\"attachment-medium size-medium wp-post-image\" alt=\"\" srcset=\"https:\/\/bidunyadekor.com\/wp-content\/uploads\/2025\/05\/wm10-120-hc-600x600.jpg 600w, https:\/\/bidunyadekor.com\/wp-content\/uploads\/2025\/05\/wm10-120-hc-180x180.jpg 180w, https:\/\/bidunyadekor.com\/wp-content\/uploads\/2025\/05\/wm10-120-hc-24x24.jpg 24w, https:\/\/bidunyadekor.com\/wp-content\/uploads\/2025\/05\/wm10-120-hc-48x48.jpg 48w, https:\/\/bidunyadekor.com\/wp-content\/uploads\/2025\/05\/wm10-120-hc-96x96.jpg 96w, https:\/\/bidunyadekor.com\/wp-content\/uploads\/2025\/05\/wm10-120-hc-150x150.jpg 150w, https:\/\/bidunyadekor.com\/wp-content\/uploads\/2025\/05\/wm10-120-hc-300x300.jpg 300w\" sizes=\"(max-width: 600px) 100vw, 600px\" \/>               <\/div>   \n\n      <div class=\"service-content\">\n         <div class=\"content-inner\">\n            <h3 class=\"title\">\n               <a href=\"https:\/\/bidunyadekor.com\/index.php\/service\/535-550w-mbb-wm10-144-hc\/\">535-550W MBB WM10-144-HC<\/a>\n            <\/h3>\n            <div class=\"desc\">Y\u00fcksek verimli MBB g\u00fcne\u015f paneliyle g\u00fcvenli, s\u00fcrd\u00fcr\u00fclebilir ve estetik enerji \u00e7\u00f6z\u00fcmleri!<\/div> \n            <div class=\"readmore\">\n               <a class=\"btn-inline\" href=\"https:\/\/bidunyadekor.com\/index.php\/service\/535-550w-mbb-wm10-144-hc\/\"><span>Devam\u0131<\/span><\/a>\n            <\/div>\n         <\/div>    \n      <\/div>\n   <\/div>\n<\/div><\/div><div class=\"item-columns\"><div class=\"item\">\n   <div class=\"service-item-v2\">     \n      \n      <div class=\"service-image\">\n         <img fetchpriority=\"high\" decoding=\"async\" width=\"600\" height=\"600\" src=\"https:\/\/bidunyadekor.com\/wp-content\/uploads\/2025\/05\/wm10-120-hc-600x600.jpg\" class=\"attachment-medium size-medium wp-post-image\" alt=\"\" srcset=\"https:\/\/bidunyadekor.com\/wp-content\/uploads\/2025\/05\/wm10-120-hc-600x600.jpg 600w, https:\/\/bidunyadekor.com\/wp-content\/uploads\/2025\/05\/wm10-120-hc-180x180.jpg 180w, https:\/\/bidunyadekor.com\/wp-content\/uploads\/2025\/05\/wm10-120-hc-24x24.jpg 24w, https:\/\/bidunyadekor.com\/wp-content\/uploads\/2025\/05\/wm10-120-hc-48x48.jpg 48w, https:\/\/bidunyadekor.com\/wp-content\/uploads\/2025\/05\/wm10-120-hc-96x96.jpg 96w, https:\/\/bidunyadekor.com\/wp-content\/uploads\/2025\/05\/wm10-120-hc-150x150.jpg 150w, https:\/\/bidunyadekor.com\/wp-content\/uploads\/2025\/05\/wm10-120-hc-300x300.jpg 300w\" sizes=\"(max-width: 600px) 100vw, 600px\" \/>               <\/div>   \n\n      <div class=\"service-content\">\n         <div class=\"content-inner\">\n            <h3 class=\"title\">\n               <a href=\"https:\/\/bidunyadekor.com\/index.php\/service\/440-455w-mbb-wm10-120-hc\/\">440-455W MBB WM10-120-HC<\/a>\n            <\/h3>\n            <div class=\"desc\">Y\u00fcksek verimli MBB g\u00fcne\u015f paneliyle g\u00fcvenli, s\u00fcrd\u00fcr\u00fclebilir ve estetik enerji \u00e7\u00f6z\u00fcmleri!<\/div> \n            <div class=\"readmore\">\n               <a class=\"btn-inline\" href=\"https:\/\/bidunyadekor.com\/index.php\/service\/440-455w-mbb-wm10-120-hc\/\"><span>Devam\u0131<\/span><\/a>\n            <\/div>\n         <\/div>    \n      <\/div>\n   <\/div>\n<\/div><\/div>        <\/div>\r\n      <\/div>\r\n                <div class=\"pagination\">\r\n                        <\/div>\r\n        <\/div>\r\n  <\/div>\t\t\t\t<\/div>\n\t\t\t\t<\/div>\n\t\t\t\t\t<\/div>\n\t\t<\/div>\n\t\t\t\t\t<\/div>\n\t\t<\/section>\n\t\t\t\t<\/div>\n\t\t","protected":false},"excerpt":{"rendered":"<p>Enerji \u00dcr\u00fcnleri DXM10-144-TN-GG 570-590W SMBB Y\u00fcksek verimli MBB g\u00fcne\u015f paneliyle g\u00fcvenli, s\u00fcrd\u00fcr\u00fclebilir ve estetik enerji \u00e7\u00f6z\u00fcmleri! Read More 535-550W MBB WM10-144-HC Y\u00fcksek verimli MBB g\u00fcne\u015f paneliyle g\u00fcvenli, s\u00fcrd\u00fcr\u00fclebilir ve estetik enerji \u00e7\u00f6z\u00fcmleri! Read More 440-455W MBB WM10-120-HC Y\u00fcksek verimli MBB g\u00fcne\u015f paneliyle g\u00fcvenli, s\u00fcrd\u00fcr\u00fclebilir ve estetik enerji \u00e7\u00f6z\u00fcmleri! Read More<\/p>\n","protected":false},"author":1,"featured_media":0,"parent":0,"menu_order":0,"comment_status":"closed","ping_status":"closed","template":"","meta":{"footnotes":""},"class_list":["post-11108","page","type-page","status-publish","hentry"],"_links":{"self":[{"href":"https:\/\/bidunyadekor.com\/index.php\/wp-json\/wp\/v2\/pages\/11108","targetHints":{"allow":["GET"]}}],"collection":[{"href":"https:\/\/bidunyadekor.com\/index.php\/wp-json\/wp\/v2\/pages"}],"about":[{"href":"https:\/\/bidunyadekor.com\/index.php\/wp-json\/wp\/v2\/types\/page"}],"author":[{"embeddable":true,"href":"https:\/\/bidunyadekor.com\/index.php\/wp-json\/wp\/v2\/users\/1"}],"replies":[{"embeddable":true,"href":"https:\/\/bidunyadekor.com\/index.php\/wp-json\/wp\/v2\/comments?post=11108"}],"version-history":[{"count":4,"href":"https:\/\/bidunyadekor.com\/index.php\/wp-json\/wp\/v2\/pages\/11108\/revisions"}],"predecessor-version":[{"id":11112,"href":"https:\/\/bidunyadekor.com\/index.php\/wp-json\/wp\/v2\/pages\/11108\/revisions\/11112"}],"wp:attachment":[{"href":"https:\/\/bidunyadekor.com\/index.php\/wp-json\/wp\/v2\/media?parent=11108"}],"curies":[{"name":"wp","href":"https:\/\/api.w.org\/{rel}","templated":true}]}}